{"id":1288,"date":"2017-01-14T07:04:37","date_gmt":"2017-01-14T07:04:37","guid":{"rendered":"http:\/\/localhost\/senior_care_wp\/?page_id=1288"},"modified":"2025-11-27T22:17:43","modified_gmt":"2025-11-27T19:17:43","slug":"biz-kimiz","status":"publish","type":"page","link":"https:\/\/www.istanbulkombicisi.com\/basaksehir\/biz-kimiz\/","title":{"rendered":"B\u0130Z K\u0130M\u0130Z"},"content":{"rendered":"<div class=\"wpb-content-wrapper\">[vc_row sharai_khana_custom_class=&#8221;section-content-block&#8221;][vc_column width=&#8221;1\/2&#8243;][vc_single_image image=&#8221;3484&#8243; img_size=&#8221;full&#8221; alignment=&#8221;center&#8221; css=&#8221;&#8221;][\/vc_column][vc_column width=&#8221;1\/2&#8243;][vc_column_text css=&#8221;&#8221;]\n<div class=\"about-us-intro about-us-overlay theme-custom-box-shadow\">\n<p><strong>Ba\u015fak\u015fehir Kombi Teknik Servisi<\/strong>; 18 y\u0131l\u0131 a\u015fk\u0131n tecr\u00fcbemizle siz de\u011ferli m\u00fc\u015fterilerimize kaliteli ve g\u00fcvenilir hizmet vermek i\u00e7in profesyonel ekibimiz ile 7\/24 hizmet vermektedir.<\/p>\n<p><strong>Ba\u015fak\u015fehir Kombi Teknik Servisi<\/strong> y\u0131llar\u0131n vermi\u015f oldu\u011fu deneyim ile birlikte gen\u00e7, dinamik ekibimizle teknik servis sekt\u00f6r\u00fcnde hizmet vermekteyiz.<\/p>\n<p>Bu sekt\u00f6rdeki deneyim ve tecr\u00fcbemizi \u0130stanbul genelinde Beyaz E\u015fya Servisi hizmeti olarak uzman kadromuz ile sizlere sunuyoruz.<\/p>\n<p>En uygun \u00e7\u00f6z\u00fcmleri en ekonomik fiyatlar ile hizmetinize sunuyoruz.<\/p>\n<p><strong>Ba\u015fak\u015fehir Kombi Teknik Servisi<\/strong> olarak, Buzdolab\u0131, \u00c7ama\u015f\u0131r Makinesi, Bula\u015f\u0131k Makinesi, Klima Teknik Servis, Ev Aletleri, kombi, klima, s\u00fcp\u00fcrge, vb. cihazlar\u0131n tamir, bak\u0131m, onar\u0131m, hizmetini sunmaktay\u0131z.<\/p>\n<\/div>\n[\/vc_column_text][\/vc_column][\/vc_row][vc_row sharai_khana_custom_class=&#8221;section-content-block&#8221;][vc_column css_animation=&#8221;none&#8221; width=&#8221;1\/3&#8243;]<div class=\"row section-heading-wrapper\">\n                            <div class=\"col-md-12 col-sm-12 text-left\">\n                                <h2 class=\"section-heading heading-alt-style\" >Tamir Etti\u011fimiz Markalar<span class=\"heading-separator-inline after_text heading-separator  heading-separator-horizontal\" style=\"background:#ffce54;\"><\/span><\/h2>\n                                \n                                <h4 class=\"section-subheading subheading-alt-style\">Uzman Ekibimizle Ba\u015fak\u015fehir Kombi Servisi olarak t\u00fcm marka ve modellerin tamir, bak\u0131m, onar\u0131m i\u015flerini yapmaktay\u0131z.<\/h4>\n                            <\/div>\n                        <\/div>[\/vc_column][vc_column width=&#8221;2\/3&#8243;]<div class=\"item_4 row \" ><div class=\"logo-items logo-layout-1 logo-carousel owl-carousel text-center\" data-carousel=\"1\" data-items=\"4\" data-nav=\"true\" data-dots=\"true\" data-autoplay=\"true\" data-autoplaytimeout=\"30000\"><div class=\"col-xs-12 col-sm-2 col-md-2 col-lg-2 logo-container  \">\n                                <div class=\"client-logo \">\n                                    <img loading=\"lazy\" decoding=\"async\" width=\"131\" height=\"81\" src=\"https:\/\/www.istanbulkombicisi.com\/basaksehir\/wp-content\/uploads\/sites\/7\/2025\/11\/airfel.jpg\" class=\"attachment-full size-full\" alt=\"\" \/>\n                                <\/div>\n                            <\/div> <div class=\"col-xs-12 col-sm-2 col-md-2 col-lg-2 logo-container  \">\n                                <div class=\"client-logo \">\n                                    <img loading=\"lazy\" decoding=\"async\" width=\"131\" height=\"81\" src=\"https:\/\/www.istanbulkombicisi.com\/basaksehir\/wp-content\/uploads\/sites\/7\/2025\/11\/arcelik.jpg\" class=\"attachment-full size-full\" alt=\"\" \/>\n                                <\/div>\n                            <\/div> <div class=\"col-xs-12 col-sm-2 col-md-2 col-lg-2 logo-container  \">\n                                <div class=\"client-logo \">\n                                    <img loading=\"lazy\" decoding=\"async\" width=\"131\" height=\"81\" src=\"https:\/\/www.istanbulkombicisi.com\/basaksehir\/wp-content\/uploads\/sites\/7\/2025\/11\/baymak.jpg\" class=\"attachment-full size-full\" alt=\"\" \/>\n                                <\/div>\n                            <\/div> <div class=\"col-xs-12 col-sm-2 col-md-2 col-lg-2 logo-container  \">\n                                <div class=\"client-logo \">\n                                    <img loading=\"lazy\" decoding=\"async\" width=\"131\" height=\"81\" src=\"https:\/\/www.istanbulkombicisi.com\/basaksehir\/wp-content\/uploads\/sites\/7\/2025\/11\/bosch.jpg\" class=\"attachment-full size-full\" alt=\"\" \/>\n                                <\/div>\n                            <\/div> <div class=\"col-xs-12 col-sm-2 col-md-2 col-lg-2 logo-container  \">\n                                <div class=\"client-logo \">\n                                    <img loading=\"lazy\" decoding=\"async\" width=\"131\" height=\"81\" src=\"https:\/\/www.istanbulkombicisi.com\/basaksehir\/wp-content\/uploads\/sites\/7\/2025\/11\/buderus.jpg\" class=\"attachment-full size-full\" alt=\"\" \/>\n                                <\/div>\n                            <\/div> <div class=\"col-xs-12 col-sm-2 col-md-2 col-lg-2 logo-container  \">\n                                <div class=\"client-logo \">\n                                    <img loading=\"lazy\" decoding=\"async\" width=\"131\" height=\"81\" src=\"https:\/\/www.istanbulkombicisi.com\/basaksehir\/wp-content\/uploads\/sites\/7\/2025\/11\/demirdokum.jpg\" class=\"attachment-full size-full\" alt=\"\" \/>\n                                <\/div>\n                            <\/div> <div class=\"col-xs-12 col-sm-2 col-md-2 col-lg-2 logo-container  \">\n                                <div class=\"client-logo \">\n                                    <img loading=\"lazy\" decoding=\"async\" width=\"131\" height=\"81\" src=\"https:\/\/www.istanbulkombicisi.com\/basaksehir\/wp-content\/uploads\/sites\/7\/2025\/11\/eca.jpg\" class=\"attachment-full size-full\" alt=\"\" \/>\n                                <\/div>\n                            <\/div> <div class=\"col-xs-12 col-sm-2 col-md-2 col-lg-2 logo-container  \">\n                                <div class=\"client-logo \">\n                                    <img loading=\"lazy\" decoding=\"async\" width=\"131\" height=\"81\" src=\"https:\/\/www.istanbulkombicisi.com\/basaksehir\/wp-content\/uploads\/sites\/7\/2025\/11\/ferroli.jpg\" class=\"attachment-full size-full\" alt=\"\" \/>\n                                <\/div>\n                            <\/div> <div class=\"col-xs-12 col-sm-2 col-md-2 col-lg-2 logo-container  \">\n                                <div class=\"client-logo \">\n                                    <img loading=\"lazy\" decoding=\"async\" width=\"131\" height=\"81\" src=\"https:\/\/www.istanbulkombicisi.com\/basaksehir\/wp-content\/uploads\/sites\/7\/2025\/11\/protherm.jpg\" class=\"attachment-full size-full\" alt=\"\" \/>\n                                <\/div>\n                            <\/div> <div class=\"col-xs-12 col-sm-2 col-md-2 col-lg-2 logo-container  \">\n                                <div class=\"client-logo \">\n                                    <img loading=\"lazy\" decoding=\"async\" width=\"131\" height=\"81\" src=\"https:\/\/www.istanbulkombicisi.com\/basaksehir\/wp-content\/uploads\/sites\/7\/2025\/11\/vaillant.jpg\" class=\"attachment-full size-full\" alt=\"\" \/>\n                                <\/div>\n                            <\/div> <div class=\"col-xs-12 col-sm-2 col-md-2 col-lg-2 logo-container  \">\n                                <div class=\"client-logo \">\n                                    <img loading=\"lazy\" decoding=\"async\" width=\"131\" height=\"81\" src=\"https:\/\/www.istanbulkombicisi.com\/basaksehir\/wp-content\/uploads\/sites\/7\/2025\/11\/viessmann.jpg\" class=\"attachment-full size-full\" alt=\"\" \/>\n                                <\/div>\n                            <\/div> <\/div><\/div>[\/vc_column][\/vc_row]\n<\/div>","protected":false},"excerpt":{"rendered":"<p>[vc_row sharai_khana_custom_class=&#8221;section-content-block&#8221;][vc_column width=&#8221;1\/2&#8243;][vc_single_image image=&#8221;3484&#8243; img_size=&#8221;full&#8221; alignment=&#8221;center&#8221; css=&#8221;&#8221;][\/vc_column][vc_column width=&#8221;1\/2&#8243;][vc_column_text css=&#8221;&#8221;] Ba\u015fak\u015fehir Kombi Teknik Servisi; 18 y\u0131l\u0131 a\u015fk\u0131n tecr\u00fcbemizle siz de\u011ferli m\u00fc\u015fterilerimize kaliteli ve g\u00fcvenilir hizmet vermek i\u00e7in profesyonel ekibimiz ile 7\/24 hizmet vermektedir. Ba\u015fak\u015fehir Kombi Teknik Servisi y\u0131llar\u0131n vermi\u015f oldu\u011fu deneyim ile birlikte gen\u00e7, dinamik ekibimizle teknik servis sekt\u00f6r\u00fcnde hizmet vermekteyiz. Bu sekt\u00f6rdeki deneyim ve tecr\u00fcbemizi [&hellip;]<\/p>\n","protected":false},"author":1,"featured_media":0,"parent":0,"menu_order":0,"comment_status":"closed","ping_status":"closed","template":"template-fullwidth.php","meta":{"om_disable_all_campaigns":false,"_monsterinsights_skip_tracking":false,"_monsterinsights_sitenote_active":false,"_monsterinsights_sitenote_note":"","_monsterinsights_sitenote_category":0,"_joinchat":[],"footnotes":""},"class_list":["post-1288","page","type-page","status-publish","hentry"],"aioseo_notices":[],"_links":{"self":[{"href":"https:\/\/www.istanbulkombicisi.com\/basaksehir\/wp-json\/wp\/v2\/pages\/1288","targetHints":{"allow":["GET"]}}],"collection":[{"href":"https:\/\/www.istanbulkombicisi.com\/basaksehir\/wp-json\/wp\/v2\/pages"}],"about":[{"href":"https:\/\/www.istanbulkombicisi.com\/basaksehir\/wp-json\/wp\/v2\/types\/page"}],"author":[{"embeddable":true,"href":"https:\/\/www.istanbulkombicisi.com\/basaksehir\/wp-json\/wp\/v2\/users\/1"}],"replies":[{"embeddable":true,"href":"https:\/\/www.istanbulkombicisi.com\/basaksehir\/wp-json\/wp\/v2\/comments?post=1288"}],"version-history":[{"count":17,"href":"https:\/\/www.istanbulkombicisi.com\/basaksehir\/wp-json\/wp\/v2\/pages\/1288\/revisions"}],"predecessor-version":[{"id":3736,"href":"https:\/\/www.istanbulkombicisi.com\/basaksehir\/wp-json\/wp\/v2\/pages\/1288\/revisions\/3736"}],"wp:attachment":[{"href":"https:\/\/www.istanbulkombicisi.com\/basaksehir\/wp-json\/wp\/v2\/media?parent=1288"}],"curies":[{"name":"wp","href":"https:\/\/api.w.org\/{rel}","templated":true}]}}